{"id":131,"date":"2019-08-16T22:49:34","date_gmt":"2019-08-16T20:49:34","guid":{"rendered":"https:\/\/ramoths.org:907\/wordpress\/?page_id=131"},"modified":"2019-08-19T17:36:35","modified_gmt":"2019-08-19T16:36:35","slug":"logistique-chaine-logistique","status":"publish","type":"page","link":"https:\/\/mbenabdouallah.com\/index.php\/logistique-chaine-logistique\/","title":{"rendered":"Logistique &#038; Cha\u00eene logistique"},"content":{"rendered":"\n<h4 class=\"wp-block-heading\">D\u00e9finition:<\/h4>\n\n\n\n<p class=\"txt-justify\">La logistique est une fonction qui a pour objectif de mettre \u00e0 disposition, au moindre co\u00fbt et avec la qualit\u00e9 requise, un <strong>produit<\/strong>, \u00e0 <strong>l\u2019endroit<\/strong> et au <strong>moment<\/strong> o\u00f9 la <strong>demande<\/strong> existe. Elle concerne toutes les op\u00e9rations d\u00e9terminant le mouvement des produits tel que la localisation des <strong>usines<\/strong>, des <strong>entrep\u00f4ts<\/strong>, <strong>l\u2019approvisionnement<\/strong>, la gestion des <strong>stocks<\/strong>, la <strong>manutention<\/strong> et <strong>la pr\u00e9paration de commandes<\/strong>, le <strong>transport<\/strong> et les tourn\u00e9es de <strong>livraison.<\/strong>&nbsp; (<em>selon l&rsquo;Aslog=Association Fran\u00e7aise pour la logistique<\/em>). <\/p>\n\n\n\n<h4 class=\"wp-block-heading\">Logistique et Cha\u00eene logistique:<\/h4>\n\n\n\n<p class=\"txt-justify\">La <strong>logistique<\/strong> est une fonction \u00ab\u00a0dont la finalit\u00e9 est la satisfaction des besoins exprim\u00e9s ou latents, aux meilleures conditions \u00e9conomiques pour l&rsquo;entreprise et pour un niveau de service d\u00e9termin\u00e9. Les besoins sont de nature interne ou externe. La logistique fait appel \u00e0 plusieurs m\u00e9tiers et savoir-faire qui concourent \u00e0 la gestion et \u00e0 la ma\u00eetrise des flux physiques et d&rsquo;informations ainsi que des moyens\u00a0\u00bb.  De nombreux processus de l&rsquo;entreprise impliquent donc des facettes logistiques, en particulier la <strong>Cha\u00eene Logistique <\/strong>qui va des fournisseurs aux clients. (AFNOR) <\/p>\n\n\n\n<div class=\"wp-block-image\"><figure class=\"aligncenter is-resized\"><img loading=\"lazy\" decoding=\"async\" src=\"https:\/\/ramoths.org:907\/wordpress\/wp-content\/uploads\/2019\/08\/image.png\" alt=\"\" class=\"wp-image-138\" width=\"465\" height=\"191\" srcset=\"https:\/\/mbenabdouallah.com\/wp-content\/uploads\/2019\/08\/image.png 990w, https:\/\/mbenabdouallah.com\/wp-content\/uploads\/2019\/08\/image-300x123.png 300w, https:\/\/mbenabdouallah.com\/wp-content\/uploads\/2019\/08\/image-768x316.png 768w\" sizes=\"auto, (max-width: 465px) 100vw, 465px\" \/><\/figure><\/div>\n\n\n\n<h4 class=\"wp-block-heading\">Historique de la logistique:<\/h4>\n\n\n\n<p class=\"txt-justify\">La logistique a connu plusieurs d\u00e9finitions \u00e0 partir du 18\u00e8me si\u00e8cle. Ci-apr\u00e8s un r\u00e9capitulatif de toutes ces p\u00e9riodes.<\/p>\n\n\n\n<div class=\"wp-block-image\"><figure class=\"aligncenter is-resized\"><img loading=\"lazy\" decoding=\"async\" src=\"https:\/\/ramoths.org:907\/wordpress\/wp-content\/uploads\/2019\/08\/image-1-1024x500.png\" alt=\"\" class=\"wp-image-144\" width=\"548\" height=\"267\" srcset=\"https:\/\/mbenabdouallah.com\/wp-content\/uploads\/2019\/08\/image-1-1024x500.png 1024w, https:\/\/mbenabdouallah.com\/wp-content\/uploads\/2019\/08\/image-1-300x147.png 300w, https:\/\/mbenabdouallah.com\/wp-content\/uploads\/2019\/08\/image-1-768x375.png 768w, https:\/\/mbenabdouallah.com\/wp-content\/uploads\/2019\/08\/image-1.png 1163w\" sizes=\"auto, (max-width: 548px) 100vw, 548px\" \/><\/figure><\/div>\n\n\n\n<h4 class=\"wp-block-heading\">La pr\u00e9vision pour la logistique:<\/h4>\n\n\n\n<p><strong>A quoi sert la pr\u00e9vision?<\/strong><\/p>\n\n\n\n<ul class=\"txt-justify wp-block-list\"><li>Planifier la strat\u00e9gie globale de l&rsquo;entreprise <\/li><li>Faire une meilleure r\u00e9partition des ressources internes <\/li><li>D\u00e9terminer les besoins mon\u00e9taires<\/li><li>D\u00e9terminer le moment propice pour accro\u00eetre la capacit\u00e9<\/li><li>D\u00e9terminer la nature et la quantit\u00e9 des stocks<\/li><li>D\u00e9terminer les approvisionnements de mati\u00e8res premi\u00e8res<\/li><li>Am\u00e9liorer les d\u00e9cisions d&rsquo;ordonnancement <\/li><li>Aider \u00e0 s\u00e9lectionner les technologies futures <\/li><\/ul>\n\n\n\n<div class=\"wp-block-image\"><figure class=\"aligncenter\"><img loading=\"lazy\" decoding=\"async\" width=\"1024\" height=\"470\" src=\"https:\/\/mbenabdouallah.com\/wp-content\/uploads\/2019\/08\/image-10-1024x470.png\" alt=\"\" class=\"wp-image-223\" srcset=\"https:\/\/mbenabdouallah.com\/wp-content\/uploads\/2019\/08\/image-10-1024x470.png 1024w, https:\/\/mbenabdouallah.com\/wp-content\/uploads\/2019\/08\/image-10-300x138.png 300w, https:\/\/mbenabdouallah.com\/wp-content\/uploads\/2019\/08\/image-10-768x352.png 768w, https:\/\/mbenabdouallah.com\/wp-content\/uploads\/2019\/08\/image-10.png 1168w\" sizes=\"auto, (max-width: 1024px) 100vw, 1024px\" \/><\/figure><\/div>\n\n\n\n<h4 class=\"wp-block-heading\">Externalisation et sous traitance:<\/h4>\n\n\n\n<ul class=\"txt-justify wp-block-list\"><li>L\u2019externalisation est un acte \u00e9conomique et juridique. Il s\u2019agit du transfert des responsabilit\u00e9s d\u2019une fonction g\u00e9r\u00e9e en interne vers des prestataires ext\u00e9rieurs. <\/li><li>La sous-traitance est une activit\u00e9 qui consiste pour le donneur d\u2019ordre \u00e0 confier \u00e0 des soci\u00e9t\u00e9s ext\u00e9rieures le soin d\u2019ex\u00e9cuter pour son compte certaines t\u00e2ches tout en conservant la responsabilit\u00e9&nbsp;\u00e9conomique&nbsp;finale&nbsp;de&nbsp;l\u2019activit\u00e9 sous-trait\u00e9e et ce dans&nbsp;une&nbsp;relation contractualis\u00e9e.&nbsp;<\/li><li>La prestation logistique PL diff\u00e8re selon la fonction externalis\u00e9e:<\/li><\/ul>\n\n\n\n<div class=\"wp-block-image\"><figure class=\"aligncenter is-resized\"><img loading=\"lazy\" decoding=\"async\" src=\"https:\/\/mbenabdouallah.com\/wp-content\/uploads\/2019\/08\/image-11.png\" alt=\"\" class=\"wp-image-231\" width=\"512\" height=\"252\" srcset=\"https:\/\/mbenabdouallah.com\/wp-content\/uploads\/2019\/08\/image-11.png 844w, https:\/\/mbenabdouallah.com\/wp-content\/uploads\/2019\/08\/image-11-300x148.png 300w, https:\/\/mbenabdouallah.com\/wp-content\/uploads\/2019\/08\/image-11-768x379.png 768w\" sizes=\"auto, (max-width: 512px) 100vw, 512px\" \/><\/figure><\/div>\n\n\n\n<h4 class=\"wp-block-heading\">Fid\u00e9lisation des clients:<\/h4>\n\n\n\n<p class=\"txt-justify\">Le CRM ou la gestion des relations clients est l&rsquo;ensemble des outils et techniques destin\u00e9s \u00e0 capter, traiter et analyser les informations relatives aux clients et aux prospects, dans le but de les fid\u00e9liser en leur offrant le meilleur service, afin d&rsquo;augmenter le chiffre d&rsquo;affaire et la rentabilit\u00e9 de l&rsquo;entreprise.<\/p>\n\n\n\n<p><strong>Quelques exemples r\u00e9ussis !<\/strong><\/p>\n\n\n\n<blockquote class=\"wp-block-quote txt-justify is-layout-flow wp-block-quote-is-layout-flow\"><p><strong>SNCF<\/strong>, la Soci\u00e9t\u00e9 Nationale des Chemins de Fer a lanc\u00e9 un programme de fid\u00e9lisation \u00ab grand voyageurs \u00bb afin de capitaliser sur ses 5% de clients qui rapportent 1\/3 du chiffre d\u2019affaires.<\/p><\/blockquote>\n\n\n\n<blockquote class=\"wp-block-quote txt-justify is-layout-flow wp-block-quote-is-layout-flow\"><p><strong>S\u00e9phora<\/strong> est un champion de la relation client ! Sa strat\u00e9gie : se rapprocher au maximum de ses clients pour apprendre \u00e0 les conna\u00eetre et les f\u00e9d\u00e9rer autour de ses produits.<\/p><\/blockquote>\n\n\n\n<blockquote class=\"wp-block-quote txt-justify is-layout-flow wp-block-quote-is-layout-flow\"><p><strong>Airbnb:&nbsp; <\/strong>Automatiser sa relation client pour optimiser le tunnel de vente. Des premi\u00e8res recherches de logement \u00e0 la finalisation du s\u00e9jour, toute la relation client d\u2019Airbnb est automatis\u00e9e. <\/p><\/blockquote>\n","protected":false},"excerpt":{"rendered":"<p>D\u00e9finition: La logistique est une fonction qui a pour objectif de mettre \u00e0 disposition, au moindre co\u00fbt et avec la<\/p>\n","protected":false},"author":1,"featured_media":0,"parent":0,"menu_order":0,"comment_status":"closed","ping_status":"closed","template":"","meta":{"colormag_page_container_layout":"default_layout","colormag_page_sidebar_layout":"default_layout","footnotes":""},"class_list":["post-131","page","type-page","status-publish","hentry"],"_links":{"self":[{"href":"https:\/\/mbenabdouallah.com\/index.php\/wp-json\/wp\/v2\/pages\/131","targetHints":{"allow":["GET"]}}],"collection":[{"href":"https:\/\/mbenabdouallah.com\/index.php\/wp-json\/wp\/v2\/pages"}],"about":[{"href":"https:\/\/mbenabdouallah.com\/index.php\/wp-json\/wp\/v2\/types\/page"}],"author":[{"embeddable":true,"href":"https:\/\/mbenabdouallah.com\/index.php\/wp-json\/wp\/v2\/users\/1"}],"replies":[{"embeddable":true,"href":"https:\/\/mbenabdouallah.com\/index.php\/wp-json\/wp\/v2\/comments?post=131"}],"version-history":[{"count":19,"href":"https:\/\/mbenabdouallah.com\/index.php\/wp-json\/wp\/v2\/pages\/131\/revisions"}],"predecessor-version":[{"id":544,"href":"https:\/\/mbenabdouallah.com\/index.php\/wp-json\/wp\/v2\/pages\/131\/revisions\/544"}],"wp:attachment":[{"href":"https:\/\/mbenabdouallah.com\/index.php\/wp-json\/wp\/v2\/media?parent=131"}],"curies":[{"name":"wp","href":"https:\/\/api.w.org\/{rel}","templated":true}]}}