{"id":205,"date":"2019-08-17T12:29:12","date_gmt":"2019-08-17T10:29:12","guid":{"rendered":"https:\/\/ramoths.org:907\/wordpress\/?page_id=205"},"modified":"2019-08-19T17:18:47","modified_gmt":"2019-08-19T16:18:47","slug":"methode-20-80-2","status":"publish","type":"page","link":"https:\/\/mbenabdouallah.com\/index.php\/methode-20-80-2\/","title":{"rendered":"M\u00e9thode 20\/80"},"content":{"rendered":"\n<p class=\"txt-justify\">La m\u00e9thode <strong>ABC<\/strong> convient \u00e0 toutes les situations o\u00f9 il faut placer des activit\u00e9s en ordre de priorit\u00e9. <\/p>\n\n\n\n<p class=\"txt-justify\">Son principe de base repose sur le fait qu\u2019un petit nombre d\u2019articles <strong>(20%)<\/strong> repr\u00e9sente souvent l\u2019essentiel de la valeur stock\u00e9e <strong>(80%)<\/strong>. <\/p>\n\n\n\n<p class=\"txt-justify\">Donc, la m\u00e9thode des <strong>20 \/ 80<\/strong> ou l\u2019analyse <strong>ABC<\/strong>, permet de distinguer les articles qui n\u00e9cessitent une gestion \u00e9labor\u00e9e de ceux pour lesquels une gestion plus globale est suffisante. <\/p>\n\n\n\n<h4 class=\"wp-block-heading\">Application: Stock<\/h4>\n\n\n\n<p class=\"txt-justify\"> Les diff\u00e9rentes \u00e9tapes de la classification ABC des articles \u00e0 partir du crit\u00e8re de la valeur annuelle d\u2019utilisation sont les suivantes : <\/p>\n\n\n\n<ol class=\"txt-justify wp-block-list\"><li>d\u00e9terminer la valeur de la consommation annuelle de chaque article du stock; <\/li><li>\u00e9tablir la liste par ordre d\u00e9croissant des articles associ\u00e9s \u00e0 leur valeur d\u2019utilisation annuelle;<\/li><li>calculer le pourcentage cumul\u00e9 de la valeur de consommation annuelle et celui du nombre des articles;<\/li><li>d\u00e9terminer la classe des articles (A, B ou C) en fonction des pourcentages. <\/li><\/ol>\n\n\n\n<div class=\"wp-block-image\"><figure class=\"aligncenter\"><img loading=\"lazy\" decoding=\"async\" width=\"767\" height=\"432\" src=\"https:\/\/mbenabdouallah.com\/wp-content\/uploads\/2019\/08\/pareto1.png\" alt=\"\" class=\"wp-image-345\" srcset=\"https:\/\/mbenabdouallah.com\/wp-content\/uploads\/2019\/08\/pareto1.png 767w, https:\/\/mbenabdouallah.com\/wp-content\/uploads\/2019\/08\/pareto1-300x169.png 300w\" sizes=\"auto, (max-width: 767px) 100vw, 767px\" \/><\/figure><\/div>\n\n\n\n<div class=\"wp-block-image\"><figure class=\"aligncenter is-resized\"><img loading=\"lazy\" decoding=\"async\" src=\"https:\/\/mbenabdouallah.com\/wp-content\/uploads\/2019\/08\/pareto2.png\" alt=\"\" class=\"wp-image-346\" width=\"224\" height=\"92\"\/><\/figure><\/div>\n","protected":false},"excerpt":{"rendered":"<p>La m\u00e9thode ABC convient \u00e0 toutes les situations o\u00f9 il faut placer des activit\u00e9s en ordre de priorit\u00e9. Son principe<\/p>\n","protected":false},"author":1,"featured_media":0,"parent":0,"menu_order":0,"comment_status":"closed","ping_status":"closed","template":"","meta":{"colormag_page_container_layout":"default_layout","colormag_page_sidebar_layout":"default_layout","footnotes":""},"class_list":["post-205","page","type-page","status-publish","hentry"],"_links":{"self":[{"href":"https:\/\/mbenabdouallah.com\/index.php\/wp-json\/wp\/v2\/pages\/205","targetHints":{"allow":["GET"]}}],"collection":[{"href":"https:\/\/mbenabdouallah.com\/index.php\/wp-json\/wp\/v2\/pages"}],"about":[{"href":"https:\/\/mbenabdouallah.com\/index.php\/wp-json\/wp\/v2\/types\/page"}],"author":[{"embeddable":true,"href":"https:\/\/mbenabdouallah.com\/index.php\/wp-json\/wp\/v2\/users\/1"}],"replies":[{"embeddable":true,"href":"https:\/\/mbenabdouallah.com\/index.php\/wp-json\/wp\/v2\/comments?post=205"}],"version-history":[{"count":14,"href":"https:\/\/mbenabdouallah.com\/index.php\/wp-json\/wp\/v2\/pages\/205\/revisions"}],"predecessor-version":[{"id":529,"href":"https:\/\/mbenabdouallah.com\/index.php\/wp-json\/wp\/v2\/pages\/205\/revisions\/529"}],"wp:attachment":[{"href":"https:\/\/mbenabdouallah.com\/index.php\/wp-json\/wp\/v2\/media?parent=205"}],"curies":[{"name":"wp","href":"https:\/\/api.w.org\/{rel}","templated":true}]}}