{"id":219,"date":"2019-08-17T12:44:10","date_gmt":"2019-08-17T10:44:10","guid":{"rendered":"https:\/\/ramoths.org:907\/wordpress\/?page_id=219"},"modified":"2019-08-19T17:18:23","modified_gmt":"2019-08-19T16:18:23","slug":"barycentre","status":"publish","type":"page","link":"https:\/\/mbenabdouallah.com\/index.php\/barycentre\/","title":{"rendered":"Barycentre"},"content":{"rendered":"\n<p>La m\u00e9thode du centre de gravit\u00e9 ou barycentre, permet de d\u00e9terminer l\u2019emplacement d\u2019un centre de distribution, d&rsquo;un magasin ou d&rsquo;un entrep\u00f4t, qui minimisera les co\u00fbts de distribution de l\u2019entreprise.<\/p>\n\n\n\n<p>El\u00e9ments pour appliquer cette m\u00e9thode:<\/p>\n\n\n\n<ul class=\"wp-block-list\"><li> Carte pr\u00e9cise et dessin\u00e9e \u00e0 l\u2019\u00e9chelle<\/li><li> Emplacement des destinations<\/li><li> Un syst\u00e8me de coordonn\u00e9es plac\u00e9 sur la carte (X,Y) <\/li><\/ul>\n\n\n\n<p>La formule est:<\/p>\n\n\n\n<div class=\"wp-block-image\"><figure class=\"alignleft is-resized\"><img loading=\"lazy\" decoding=\"async\" src=\"https:\/\/mbenabdouallah.com\/wp-content\/uploads\/2019\/08\/form1.png\" alt=\"\" class=\"wp-image-355\" width=\"131\" height=\"120\"\/><\/figure><\/div>\n\n\n\n<p>O\u00f9 Qi = quantit\u00e9 \u00e0 livrer \u00e0 la destination i <\/p>\n\n\n\n<p>xi =coordonn\u00e9e x de la destination i <\/p>\n\n\n\n<p>yi = coordonn\u00e9 y de la destination i <\/p>\n\n\n\n<h4 class=\"wp-block-heading\">Application: Choix d&rsquo;un entrep\u00f4t<\/h4>\n\n\n\n<table class=\"wp-block-table\"><tbody><tr><td><strong>Entrep\u00f4t<\/strong><\/td><td><strong>X<\/strong><\/td><td><strong>Y<\/strong><\/td><td><strong>Quantit\u00e9<\/strong><\/td><\/tr><tr><td>E1<\/td><td>1,5<\/td><td>6<\/td><td>800<\/td><\/tr><tr><td>E2<\/td><td>3<\/td><td>5<\/td><td>900<\/td><\/tr><tr><td>E3<\/td><td>1,5<\/td><td>4,5<\/td><td>200<\/td><\/tr><tr><td>E4<\/td><td>4<\/td><td>3<\/td><td>100<\/td><\/tr><tr><td>E5<\/td><td>6<\/td><td>3,5<\/td><td>300<\/td><\/tr><tr><td>E6<\/td><td>1,5<\/td><td>1<\/td><td>400<\/td><\/tr><tr><td>E7<\/td><td>1<\/td><td>2,5<\/td><td>500<\/td><\/tr><\/tbody><\/table>\n\n\n\n<table class=\"wp-block-table\"><tbody><tr><td>Ainsi les   coordonn\u00e9es du centre de gravit\u00e9 sont approximativement <br><strong>(2,5 ; 4)<\/strong><\/td><\/tr><\/tbody><\/table>\n\n\n\n<div class=\"wp-block-image\"><figure class=\"aligncenter\"><img loading=\"lazy\" decoding=\"async\" width=\"558\" height=\"260\" src=\"https:\/\/mbenabdouallah.com\/wp-content\/uploads\/2019\/08\/image-18.png\" alt=\"\" class=\"wp-image-358\" srcset=\"https:\/\/mbenabdouallah.com\/wp-content\/uploads\/2019\/08\/image-18.png 558w, https:\/\/mbenabdouallah.com\/wp-content\/uploads\/2019\/08\/image-18-300x140.png 300w\" sizes=\"auto, (max-width: 558px) 100vw, 558px\" \/><\/figure><\/div>\n","protected":false},"excerpt":{"rendered":"<p>La m\u00e9thode du centre de gravit\u00e9 ou barycentre, permet de d\u00e9terminer l\u2019emplacement d\u2019un centre de distribution, d&rsquo;un magasin ou d&rsquo;un<\/p>\n","protected":false},"author":1,"featured_media":0,"parent":0,"menu_order":0,"comment_status":"closed","ping_status":"closed","template":"","meta":{"colormag_page_container_layout":"default_layout","colormag_page_sidebar_layout":"default_layout","footnotes":""},"class_list":["post-219","page","type-page","status-publish","hentry"],"_links":{"self":[{"href":"https:\/\/mbenabdouallah.com\/index.php\/wp-json\/wp\/v2\/pages\/219","targetHints":{"allow":["GET"]}}],"collection":[{"href":"https:\/\/mbenabdouallah.com\/index.php\/wp-json\/wp\/v2\/pages"}],"about":[{"href":"https:\/\/mbenabdouallah.com\/index.php\/wp-json\/wp\/v2\/types\/page"}],"author":[{"embeddable":true,"href":"https:\/\/mbenabdouallah.com\/index.php\/wp-json\/wp\/v2\/users\/1"}],"replies":[{"embeddable":true,"href":"https:\/\/mbenabdouallah.com\/index.php\/wp-json\/wp\/v2\/comments?post=219"}],"version-history":[{"count":7,"href":"https:\/\/mbenabdouallah.com\/index.php\/wp-json\/wp\/v2\/pages\/219\/revisions"}],"predecessor-version":[{"id":531,"href":"https:\/\/mbenabdouallah.com\/index.php\/wp-json\/wp\/v2\/pages\/219\/revisions\/531"}],"wp:attachment":[{"href":"https:\/\/mbenabdouallah.com\/index.php\/wp-json\/wp\/v2\/media?parent=219"}],"curies":[{"name":"wp","href":"https:\/\/api.w.org\/{rel}","templated":true}]}}