{"id":224,"date":"2019-08-17T13:30:53","date_gmt":"2019-08-17T11:30:53","guid":{"rendered":"https:\/\/ramoths.org:907\/wordpress\/?page_id=224"},"modified":"2019-08-19T17:27:57","modified_gmt":"2019-08-19T16:27:57","slug":"amdec","status":"publish","type":"page","link":"https:\/\/mbenabdouallah.com\/index.php\/amdec\/","title":{"rendered":"AMDEC"},"content":{"rendered":"\n<p class=\"txt-justify\">Un outil d&rsquo;<strong>a<\/strong>nalyse des <strong>m<\/strong>odes de <strong>d<\/strong>\u00e9faillance, de leurs <strong>e<\/strong>ffets et de leur <strong>c<\/strong>riticit\u00e9.<\/p>\n\n\n\n<p class=\"txt-justify\">\u2022<strong>Initialisation<\/strong>: cette \u00e9tape vise \u00e0 d\u00e9finir le p\u00e9rim\u00e8tre de l\u2019\u00e9tude (sujet, objectifs, limites, \u2026etc.).<\/p>\n\n\n\n<p class=\"txt-justify\">\u2022<strong>Pr\u00e9paration&nbsp;<\/strong>: il s\u2019agit de collecter l\u2019ensemble des donn\u00e9es d\u2019entr\u00e9e de l\u2019\u00e9tude d\u2018analyse fonctionnelle, description des solutions, m\u00e9thodes et processus de production.<\/p>\n\n\n\n<p class=\"txt-justify\">\u2022<strong>Identification des modes de d\u00e9faillance&nbsp;<\/strong>: on analyse pour chaque fonction attendue, les modes de d\u00e9faillance. <\/p>\n\n\n\n<p class=\"txt-justify\">\u2022<strong>Recherche d\u2019actions pr\u00e9ventives<\/strong>: il s\u2019agit de recenser les actions destin\u00e9es \u00e0 pr\u00e9venir les modes de d\u00e9faillance.<\/p>\n\n\n\n<p class=\"txt-justify\">\u2022<strong>Mise en \u0153uvre des solutions<\/strong>: il s\u2019agit d\u2019appliquer les actions \u00e0 mettre en \u0153uvre. Il faudra ensuite proc\u00e9der au suivi de l\u2019efficacit\u00e9 de ces actions. <\/p>\n\n\n\n<div class=\"wp-block-image\"><figure class=\"aligncenter\"><img loading=\"lazy\" decoding=\"async\" width=\"876\" height=\"419\" src=\"https:\/\/mbenabdouallah.com\/wp-content\/uploads\/2019\/08\/image-15.png\" alt=\"\" class=\"wp-image-295\" srcset=\"https:\/\/mbenabdouallah.com\/wp-content\/uploads\/2019\/08\/image-15.png 876w, https:\/\/mbenabdouallah.com\/wp-content\/uploads\/2019\/08\/image-15-300x143.png 300w, https:\/\/mbenabdouallah.com\/wp-content\/uploads\/2019\/08\/image-15-768x367.png 768w\" sizes=\"auto, (max-width: 876px) 100vw, 876px\" \/><\/figure><\/div>\n\n\n\n<p>Pour plus d&rsquo;amples informations, veuillez t\u00e9l\u00e9charger ce guide:<\/p>\n\n\n\n<div class=\"wp-block-file\"><a href=\"https:\/\/mbenabdouallah.com\/wp-content\/uploads\/2019\/08\/amdec.pdf\">amdec<\/a><a href=\"https:\/\/mbenabdouallah.com\/wp-content\/uploads\/2019\/08\/amdec.pdf\" class=\"wp-block-file__button\" download>T\u00e9l\u00e9charger<\/a><\/div>\n\n\n\n<p><\/p>\n","protected":false},"excerpt":{"rendered":"<p>Un outil d&rsquo;analyse des modes de d\u00e9faillance, de leurs effets et de leur criticit\u00e9. \u2022Initialisation: cette \u00e9tape vise \u00e0 d\u00e9finir<\/p>\n","protected":false},"author":1,"featured_media":0,"parent":0,"menu_order":0,"comment_status":"closed","ping_status":"closed","template":"","meta":{"colormag_page_container_layout":"default_layout","colormag_page_sidebar_layout":"default_layout","footnotes":""},"class_list":["post-224","page","type-page","status-publish","hentry"],"_links":{"self":[{"href":"https:\/\/mbenabdouallah.com\/index.php\/wp-json\/wp\/v2\/pages\/224","targetHints":{"allow":["GET"]}}],"collection":[{"href":"https:\/\/mbenabdouallah.com\/index.php\/wp-json\/wp\/v2\/pages"}],"about":[{"href":"https:\/\/mbenabdouallah.com\/index.php\/wp-json\/wp\/v2\/types\/page"}],"author":[{"embeddable":true,"href":"https:\/\/mbenabdouallah.com\/index.php\/wp-json\/wp\/v2\/users\/1"}],"replies":[{"embeddable":true,"href":"https:\/\/mbenabdouallah.com\/index.php\/wp-json\/wp\/v2\/comments?post=224"}],"version-history":[{"count":12,"href":"https:\/\/mbenabdouallah.com\/index.php\/wp-json\/wp\/v2\/pages\/224\/revisions"}],"predecessor-version":[{"id":542,"href":"https:\/\/mbenabdouallah.com\/index.php\/wp-json\/wp\/v2\/pages\/224\/revisions\/542"}],"wp:attachment":[{"href":"https:\/\/mbenabdouallah.com\/index.php\/wp-json\/wp\/v2\/media?parent=224"}],"curies":[{"name":"wp","href":"https:\/\/api.w.org\/{rel}","templated":true}]}}