{"id":226,"date":"2019-08-17T13:31:05","date_gmt":"2019-08-17T11:31:05","guid":{"rendered":"https:\/\/ramoths.org:907\/wordpress\/?page_id=226"},"modified":"2019-08-19T17:19:11","modified_gmt":"2019-08-19T16:19:11","slug":"kanban","status":"publish","type":"page","link":"https:\/\/mbenabdouallah.com\/index.php\/kanban\/","title":{"rendered":"KANBAN"},"content":{"rendered":"\n<p>Un outil de planification de la production permettant de limiter les gaspillages li\u00e9s \u00e0 la surproduction et aux manutentions inutiles.<\/p>\n\n\n\n<div class=\"wp-block-image\"><figure class=\"aligncenter\"><img loading=\"lazy\" decoding=\"async\" width=\"948\" height=\"219\" src=\"https:\/\/mbenabdouallah.com\/wp-content\/uploads\/2019\/08\/image-14.png\" alt=\"\" class=\"wp-image-292\" srcset=\"https:\/\/mbenabdouallah.com\/wp-content\/uploads\/2019\/08\/image-14.png 948w, https:\/\/mbenabdouallah.com\/wp-content\/uploads\/2019\/08\/image-14-300x69.png 300w, https:\/\/mbenabdouallah.com\/wp-content\/uploads\/2019\/08\/image-14-768x177.png 768w\" sizes=\"auto, (max-width: 948px) 100vw, 948px\" \/><\/figure><\/div>\n\n\n\n<figure class=\"wp-block-embed-youtube aligncenter wp-block-embed is-type-video is-provider-youtube wp-embed-aspect-16-9 wp-has-aspect-ratio\"><div class=\"wp-block-embed__wrapper\">\n<iframe loading=\"lazy\" title=\"La m\u00e9thode &quot;Kanban&quot; : assurer la gestion des stocks \u00e0 l&#039;h\u00f4pital\" width=\"800\" height=\"450\" src=\"https:\/\/www.youtube.com\/embed\/1CqKOhfAS0w?feature=oembed\" frameborder=\"0\" allow=\"accelerometer; autoplay; encrypted-media; gyroscope; picture-in-picture\" allowfullscreen><\/iframe>\n<\/div><\/figure>\n","protected":false},"excerpt":{"rendered":"<p>Un outil de planification de la production permettant de limiter les gaspillages li\u00e9s \u00e0 la surproduction et aux manutentions inutiles.<\/p>\n","protected":false},"author":1,"featured_media":0,"parent":0,"menu_order":0,"comment_status":"closed","ping_status":"closed","template":"","meta":{"colormag_page_container_layout":"default_layout","colormag_page_sidebar_layout":"default_layout","footnotes":""},"class_list":["post-226","page","type-page","status-publish","hentry"],"_links":{"self":[{"href":"https:\/\/mbenabdouallah.com\/index.php\/wp-json\/wp\/v2\/pages\/226","targetHints":{"allow":["GET"]}}],"collection":[{"href":"https:\/\/mbenabdouallah.com\/index.php\/wp-json\/wp\/v2\/pages"}],"about":[{"href":"https:\/\/mbenabdouallah.com\/index.php\/wp-json\/wp\/v2\/types\/page"}],"author":[{"embeddable":true,"href":"https:\/\/mbenabdouallah.com\/index.php\/wp-json\/wp\/v2\/users\/1"}],"replies":[{"embeddable":true,"href":"https:\/\/mbenabdouallah.com\/index.php\/wp-json\/wp\/v2\/comments?post=226"}],"version-history":[{"count":4,"href":"https:\/\/mbenabdouallah.com\/index.php\/wp-json\/wp\/v2\/pages\/226\/revisions"}],"predecessor-version":[{"id":532,"href":"https:\/\/mbenabdouallah.com\/index.php\/wp-json\/wp\/v2\/pages\/226\/revisions\/532"}],"wp:attachment":[{"href":"https:\/\/mbenabdouallah.com\/index.php\/wp-json\/wp\/v2\/media?parent=226"}],"curies":[{"name":"wp","href":"https:\/\/api.w.org\/{rel}","templated":true}]}}