{"id":272,"date":"2019-08-17T18:51:03","date_gmt":"2019-08-17T16:51:03","guid":{"rendered":"https:\/\/ramoths.org:907\/wordpress\/?page_id=272"},"modified":"2019-08-19T17:21:32","modified_gmt":"2019-08-19T16:21:32","slug":"entreposage-distribution","status":"publish","type":"page","link":"https:\/\/mbenabdouallah.com\/index.php\/entreposage-distribution\/","title":{"rendered":"Entreposage &#038; Distribution"},"content":{"rendered":"\n<h4 class=\"wp-block-heading\">Pilotage de l\u2019entrep\u00f4t:<\/h4>\n\n\n\n<ol class=\"txt-justify wp-block-list\"><li><strong>R\u00e9ception de la marchandise:<\/strong> est d\u00e9fini par  le contr\u00f4le qualitatif &amp; quantitatif et aussi  la minimisation du temps d\u2019attente de l\u2019entr\u00e9e des produits en stock.<\/li><li><strong>Stockage de la marchandise:<\/strong> se caract\u00e9rise par le bon emplacement des marchandises lors du picking,  la maximisation du volume de l\u2019entrep\u00f4t et la minimisation des mouvements inutiles lors de la pr\u00e9paration des commandes.<\/li><li><strong>Pr\u00e9paration de la commande:<\/strong> apr\u00e8s la r\u00e9ception de la commande, les pr\u00e9parateurs optent pour la gestion des priorit\u00e9s selon les r\u00e8gles \u00e9tablies: LIFO, FIFO&#8230;<\/li><li><strong>Exp\u00e9dition: <\/strong> se caract\u00e9rise par l&rsquo;optimisation des plans de tourn\u00e9es des v\u00e9hicules et r\u00e9duire le co\u00fbt de transport.<\/li><\/ol>\n\n\n\n<div class=\"wp-block-image\"><figure class=\"aligncenter is-resized\"><img loading=\"lazy\" decoding=\"async\" src=\"https:\/\/ramoths.org:907\/wordpress\/wp-content\/uploads\/2019\/08\/im1.png\" alt=\"\" class=\"wp-image-278\" width=\"463\" height=\"263\" srcset=\"https:\/\/mbenabdouallah.com\/wp-content\/uploads\/2019\/08\/im1.png 865w, https:\/\/mbenabdouallah.com\/wp-content\/uploads\/2019\/08\/im1-300x171.png 300w, https:\/\/mbenabdouallah.com\/wp-content\/uploads\/2019\/08\/im1-768x438.png 768w\" sizes=\"auto, (max-width: 463px) 100vw, 463px\" \/><\/figure><\/div>\n\n\n\n<figure class=\"wp-block-video aligncenter\"><video height=\"360\" style=\"aspect-ratio: 640 \/ 360;\" width=\"640\" controls src=\"https:\/\/mbenabdouallah.com\/wp-content\/uploads\/2019\/08\/M\u00e9dia1.mp4\"><\/video><figcaption>En r\u00e9alit\u00e9, voici comment \u00e7a se passe!<\/figcaption><\/figure>\n\n\n\n<h4 class=\"wp-block-heading\">Concepts de la distribution:<\/h4>\n\n\n\n<ul class=\"txt-justify wp-block-list\"><li><strong>Canal de distribution:<\/strong> le chemin commercial parcouru par un produit pour aller du producteur au consommateur final.<\/li><\/ul>\n\n\n\n<ul class=\"txt-justify wp-block-list\"><li> <strong>Circuit de distribution:<\/strong> l\u2019ensemble des canaux de distribution.<\/li><\/ul>\n\n\n\n<ul class=\"txt-justify wp-block-list\"><li><strong>R\u00e9seau de distribution:<\/strong> l\u2019ensemble des personnes (physiques ou morales) qui interviennent dans la distribution. <\/li><\/ul>\n\n\n\n<h4 class=\"wp-block-heading\">Strat\u00e9gies de distribution:<\/h4>\n\n\n\n<ul class=\"txt-justify wp-block-list\"><li><strong>Intensive:<\/strong> La distribution intensive est un mode de distribution qui consiste \u00e0 faire distribuer un produit dans le plus grand nombre de points de vente possible. <em>Ex: Produits agroalimentaires.<\/em><\/li><\/ul>\n\n\n\n<ul class=\"txt-justify wp-block-list\"><li><strong>S\u00e9lective: <\/strong>Confier la marchandise et les produits \u00e0 des clients bien s\u00e9lectionn\u00e9s qui r\u00e9pondent aux crit\u00e8res: les franchises. <em>Ex: Franchises, pharmacies.<\/em><\/li><\/ul>\n\n\n\n<ul class=\"txt-justify wp-block-list\"><li><strong>Exclusive:<\/strong>  Est couramment utilis\u00e9e dans le domaine du luxe ou des produits haut de gamme pour garantir l\u2019image des produits: montres, voitures de luxe, bijoux en diamant. <em>Ex: Produits de luxe, voitures, montres.   <\/em><\/li><\/ul>\n","protected":false},"excerpt":{"rendered":"<p>Pilotage de l\u2019entrep\u00f4t: R\u00e9ception de la marchandise: est d\u00e9fini par le contr\u00f4le qualitatif &amp; quantitatif et aussi la minimisation du<\/p>\n","protected":false},"author":1,"featured_media":0,"parent":0,"menu_order":0,"comment_status":"closed","ping_status":"closed","template":"","meta":{"colormag_page_container_layout":"default_layout","colormag_page_sidebar_layout":"default_layout","footnotes":""},"class_list":["post-272","page","type-page","status-publish","hentry"],"_links":{"self":[{"href":"https:\/\/mbenabdouallah.com\/index.php\/wp-json\/wp\/v2\/pages\/272","targetHints":{"allow":["GET"]}}],"collection":[{"href":"https:\/\/mbenabdouallah.com\/index.php\/wp-json\/wp\/v2\/pages"}],"about":[{"href":"https:\/\/mbenabdouallah.com\/index.php\/wp-json\/wp\/v2\/types\/page"}],"author":[{"embeddable":true,"href":"https:\/\/mbenabdouallah.com\/index.php\/wp-json\/wp\/v2\/users\/1"}],"replies":[{"embeddable":true,"href":"https:\/\/mbenabdouallah.com\/index.php\/wp-json\/wp\/v2\/comments?post=272"}],"version-history":[{"count":20,"href":"https:\/\/mbenabdouallah.com\/index.php\/wp-json\/wp\/v2\/pages\/272\/revisions"}],"predecessor-version":[{"id":534,"href":"https:\/\/mbenabdouallah.com\/index.php\/wp-json\/wp\/v2\/pages\/272\/revisions\/534"}],"wp:attachment":[{"href":"https:\/\/mbenabdouallah.com\/index.php\/wp-json\/wp\/v2\/media?parent=272"}],"curies":[{"name":"wp","href":"https:\/\/api.w.org\/{rel}","templated":true}]}}