{"id":285,"date":"2019-08-17T19:19:05","date_gmt":"2019-08-17T17:19:05","guid":{"rendered":"https:\/\/ramoths.org:907\/wordpress\/?page_id=285"},"modified":"2019-08-19T17:22:28","modified_gmt":"2019-08-19T16:22:28","slug":"gestion-des-operations","status":"publish","type":"page","link":"https:\/\/mbenabdouallah.com\/index.php\/gestion-des-operations\/","title":{"rendered":"Gestion des op\u00e9rations"},"content":{"rendered":"\n<h4 class=\"wp-block-heading\">Facteurs de comp\u00e9titivit\u00e9:<\/h4>\n\n\n\n<ul class=\"wp-block-list\"><li>Prix<\/li><li>Qualit\u00e9<\/li><li>D\u00e9lai de livraison<\/li><li>Flexibilit\u00e9<\/li><li>Service<\/li><li>Image de marque<\/li><\/ul>\n\n\n\n<h4 class=\"wp-block-heading\">Produit ou service?<\/h4>\n\n\n\n<ul class=\"txt-justify wp-block-list\"><li>Fabrication de produits : on parle de la gestion de production. On trouve dans ce cadre les entreprises qui op\u00e8rent dans le <strong>secteur primaire <\/strong>d&rsquo;extraction et le <strong>secteur secondaire<\/strong> de transformation.<\/li><\/ul>\n\n\n\n<ul class=\"txt-justify wp-block-list\"><li>Livraison de service : gestion des op\u00e9rations pour les entreprises du <strong>secteur tertiaire<\/strong>: banque, h\u00f4tel, libre service, etc.<\/li><\/ul>\n\n\n\n<h4 class=\"wp-block-heading\">Environnements de fabrication:<\/h4>\n\n\n\n<div class=\"wp-block-image\"><figure class=\"aligncenter\"><img loading=\"lazy\" decoding=\"async\" width=\"560\" height=\"343\" src=\"https:\/\/mbenabdouallah.com\/wp-content\/uploads\/2019\/08\/image-19.png\" alt=\"\" class=\"wp-image-371\" srcset=\"https:\/\/mbenabdouallah.com\/wp-content\/uploads\/2019\/08\/image-19.png 560w, https:\/\/mbenabdouallah.com\/wp-content\/uploads\/2019\/08\/image-19-300x184.png 300w\" sizes=\"auto, (max-width: 560px) 100vw, 560px\" \/><\/figure><\/div>\n\n\n\n<div class=\"wp-block-image\"><figure class=\"aligncenter\"><img loading=\"lazy\" decoding=\"async\" width=\"562\" height=\"381\" src=\"https:\/\/mbenabdouallah.com\/wp-content\/uploads\/2019\/08\/image-20.png\" alt=\"\" class=\"wp-image-372\" srcset=\"https:\/\/mbenabdouallah.com\/wp-content\/uploads\/2019\/08\/image-20.png 562w, https:\/\/mbenabdouallah.com\/wp-content\/uploads\/2019\/08\/image-20-300x203.png 300w\" sizes=\"auto, (max-width: 562px) 100vw, 562px\" \/><\/figure><\/div>\n\n\n\n<h4 class=\"wp-block-heading\">Am\u00e9nagement:<\/h4>\n\n\n\n<div class=\"wp-block-image\"><figure class=\"aligncenter\"><img loading=\"lazy\" decoding=\"async\" width=\"502\" height=\"302\" src=\"https:\/\/mbenabdouallah.com\/wp-content\/uploads\/2019\/08\/am1.png\" alt=\"\" class=\"wp-image-376\" srcset=\"https:\/\/mbenabdouallah.com\/wp-content\/uploads\/2019\/08\/am1.png 502w, https:\/\/mbenabdouallah.com\/wp-content\/uploads\/2019\/08\/am1-300x180.png 300w\" sizes=\"auto, (max-width: 502px) 100vw, 502px\" \/><\/figure><\/div>\n\n\n\n<div class=\"wp-block-image\"><figure class=\"aligncenter\"><img loading=\"lazy\" decoding=\"async\" width=\"504\" height=\"288\" src=\"https:\/\/mbenabdouallah.com\/wp-content\/uploads\/2019\/08\/am2.png\" alt=\"\" class=\"wp-image-377\" srcset=\"https:\/\/mbenabdouallah.com\/wp-content\/uploads\/2019\/08\/am2.png 504w, https:\/\/mbenabdouallah.com\/wp-content\/uploads\/2019\/08\/am2-300x171.png 300w\" sizes=\"auto, (max-width: 504px) 100vw, 504px\" \/><\/figure><\/div>\n\n\n\n<div class=\"wp-block-image\"><figure class=\"aligncenter\"><img loading=\"lazy\" decoding=\"async\" width=\"496\" height=\"276\" src=\"https:\/\/mbenabdouallah.com\/wp-content\/uploads\/2019\/08\/am3.png\" alt=\"\" class=\"wp-image-378\" srcset=\"https:\/\/mbenabdouallah.com\/wp-content\/uploads\/2019\/08\/am3.png 496w, https:\/\/mbenabdouallah.com\/wp-content\/uploads\/2019\/08\/am3-300x167.png 300w\" sizes=\"auto, (max-width: 496px) 100vw, 496px\" \/><\/figure><\/div>\n","protected":false},"excerpt":{"rendered":"<p>Facteurs de comp\u00e9titivit\u00e9: Prix Qualit\u00e9 D\u00e9lai de livraison Flexibilit\u00e9 Service Image de marque Produit ou service? Fabrication de produits :<\/p>\n","protected":false},"author":1,"featured_media":0,"parent":0,"menu_order":0,"comment_status":"closed","ping_status":"closed","template":"","meta":{"colormag_page_container_layout":"default_layout","colormag_page_sidebar_layout":"default_layout","footnotes":""},"class_list":["post-285","page","type-page","status-publish","hentry"],"_links":{"self":[{"href":"https:\/\/mbenabdouallah.com\/index.php\/wp-json\/wp\/v2\/pages\/285","targetHints":{"allow":["GET"]}}],"collection":[{"href":"https:\/\/mbenabdouallah.com\/index.php\/wp-json\/wp\/v2\/pages"}],"about":[{"href":"https:\/\/mbenabdouallah.com\/index.php\/wp-json\/wp\/v2\/types\/page"}],"author":[{"embeddable":true,"href":"https:\/\/mbenabdouallah.com\/index.php\/wp-json\/wp\/v2\/users\/1"}],"replies":[{"embeddable":true,"href":"https:\/\/mbenabdouallah.com\/index.php\/wp-json\/wp\/v2\/comments?post=285"}],"version-history":[{"count":8,"href":"https:\/\/mbenabdouallah.com\/index.php\/wp-json\/wp\/v2\/pages\/285\/revisions"}],"predecessor-version":[{"id":535,"href":"https:\/\/mbenabdouallah.com\/index.php\/wp-json\/wp\/v2\/pages\/285\/revisions\/535"}],"wp:attachment":[{"href":"https:\/\/mbenabdouallah.com\/index.php\/wp-json\/wp\/v2\/media?parent=285"}],"curies":[{"name":"wp","href":"https:\/\/api.w.org\/{rel}","templated":true}]}}