{"id":319,"date":"2019-08-18T16:15:07","date_gmt":"2019-08-18T14:15:07","guid":{"rendered":"https:\/\/ramoths.org:907\/wordpress\/?page_id=319"},"modified":"2019-08-19T17:25:16","modified_gmt":"2019-08-19T16:25:16","slug":"trigonometrie-trigonometrie-reciproque","status":"publish","type":"page","link":"https:\/\/mbenabdouallah.com\/index.php\/trigonometrie-trigonometrie-reciproque\/","title":{"rendered":"Trigonom\u00e9trie &#038; Trigonom\u00e9trie r\u00e9ciproque"},"content":{"rendered":"\n<div class=\"wp-block-file\"><a href=\"https:\/\/mbenabdouallah.com\/wp-content\/uploads\/2019\/08\/Trigonom\u00e9trie-et-trigonom\u00e9trie-r\u00e9ciproque.pdf\">Trigonom\u00e9trie et trigonom\u00e9trie r\u00e9ciproque<\/a><a href=\"https:\/\/mbenabdouallah.com\/wp-content\/uploads\/2019\/08\/Trigonom\u00e9trie-et-trigonom\u00e9trie-r\u00e9ciproque.pdf\" class=\"wp-block-file__button\" download>T\u00e9l\u00e9charger<\/a><\/div>\n\n\n\n<p><\/p>\n","protected":false},"excerpt":{"rendered":"","protected":false},"author":1,"featured_media":0,"parent":0,"menu_order":0,"comment_status":"closed","ping_status":"closed","template":"","meta":{"colormag_page_container_layout":"default_layout","colormag_page_sidebar_layout":"default_layout","footnotes":""},"class_list":["post-319","page","type-page","status-publish","hentry"],"_links":{"self":[{"href":"https:\/\/mbenabdouallah.com\/index.php\/wp-json\/wp\/v2\/pages\/319","targetHints":{"allow":["GET"]}}],"collection":[{"href":"https:\/\/mbenabdouallah.com\/index.php\/wp-json\/wp\/v2\/pages"}],"about":[{"href":"https:\/\/mbenabdouallah.com\/index.php\/wp-json\/wp\/v2\/types\/page"}],"author":[{"embeddable":true,"href":"https:\/\/mbenabdouallah.com\/index.php\/wp-json\/wp\/v2\/users\/1"}],"replies":[{"embeddable":true,"href":"https:\/\/mbenabdouallah.com\/index.php\/wp-json\/wp\/v2\/comments?post=319"}],"version-history":[{"count":3,"href":"https:\/\/mbenabdouallah.com\/index.php\/wp-json\/wp\/v2\/pages\/319\/revisions"}],"predecessor-version":[{"id":538,"href":"https:\/\/mbenabdouallah.com\/index.php\/wp-json\/wp\/v2\/pages\/319\/revisions\/538"}],"wp:attachment":[{"href":"https:\/\/mbenabdouallah.com\/index.php\/wp-json\/wp\/v2\/media?parent=319"}],"curies":[{"name":"wp","href":"https:\/\/api.w.org\/{rel}","templated":true}]}}