{"id":35,"date":"2019-08-16T17:28:39","date_gmt":"2019-08-16T15:28:39","guid":{"rendered":"https:\/\/ramoths.org:907\/wordpress\/?page_id=35"},"modified":"2020-09-30T11:43:03","modified_gmt":"2020-09-30T10:43:03","slug":"cv","status":"publish","type":"page","link":"https:\/\/mbenabdouallah.com\/index.php\/cv\/","title":{"rendered":"A propos"},"content":{"rendered":"\n<p style=\"text-align:center\" class=\"has-medium-font-size\"><strong>Meryam BENABDOUALLAH<\/strong><\/p>\n\n\n\n<div class=\"wp-block-image\"><figure class=\"aligncenter is-resized\"><img loading=\"lazy\" decoding=\"async\" src=\"https:\/\/ramoths.org:907\/wordpress\/wp-content\/uploads\/2019\/08\/matof.png\" alt=\"\" class=\"wp-image-266\" width=\"177\" height=\"254\" srcset=\"https:\/\/mbenabdouallah.com\/wp-content\/uploads\/2019\/08\/matof.png 252w, https:\/\/mbenabdouallah.com\/wp-content\/uploads\/2019\/08\/matof-210x300.png 210w\" sizes=\"auto, (max-width: 177px) 100vw, 177px\" \/><figcaption> <strong>Enseignante Chercheure Universiapolis Agadir <\/strong><\/figcaption><\/figure><\/div>\n\n\n\n<p style=\"text-align:center\" class=\"txt-justify\"><strong>TH\u00c8SE DE DOCTORAT<\/strong><br> MOD\u00c9LISATION ET R\u00c9SOLUTION DU PROBL\u00c8ME DU TRANSPORT<br> AMBULANCIER: APPROCHE PAR LES METAHEURISTIQUES<br> <strong>Pr\u00e9sent\u00e9e par<\/strong><br> Meryam BENABDOUALLAH<br> Le 03 F\u00e9vrier 2018<br> Formation doctorale : Sciences de l\u2019Ing\u00e9nieur<br> Structure de recherche : LAMIPI\/ ENSET<br> <strong>JURY:<\/strong><br> Pr\u00e9sident &#8211; PES ENSIAS &#8211; : Pr Ismail KASSOU<br> Rapporteur &#8211; PES ENSIAS &#8211; : Pr Youssef BENADADA<br> Rapporteur &#8211; PES FST FES &#8211; : Pr Bilal HARRAS<br> Rapporteur &#8211; PES ENSET MOHAMMEDIA &#8211; : Pr El Majid ZAYER<br> Directeur de th\u00e8se &#8211; PES ENSET RABAT &#8211; : Pr Chakib BOJJI<br> Examinateur &#8211; PES ENSET RABAT &#8211; : Pr Mourad TAHA JANAN<br> Invit\u00e9 &#8211; PA ENSET RABAT- : Pr Mohamed OUBREK<br><\/p>\n\n\n\n<p style=\"text-align:left\"><strong>R\u00e9sum\u00e9<\/strong>:<\/p>\n\n\n\n<p class=\"txt-justify\">Le transport hospitalier de patients, effectu\u00e9 par diff\u00e9rents modes de transport, est une fonction essentielle dans le domaine de la sant\u00e9. Le transport ambulancier, par l\u2019utilisation d\u2019une ambulance m\u00e9dicalis\u00e9e ou non m\u00e9dicalis\u00e9e, est le mode de transport le plus r\u00e9pandu qui assure l\u2019acheminement des patients vers l\u2019h\u00f4pital afin de b\u00e9n\u00e9ficier des prestations de soins appropri\u00e9es. Cette th\u00e8se s\u2019int\u00e9resse \u00e0 la minimisation du temps total du parcours de l\u2019ambulance, compos\u00e9 d\u2019une part du temps de voyage de l\u2019ambulance depuis son site potentiel d\u2019attente vers le patient et d\u2019autre part du temps de transfert du malade vers l\u2019h\u00f4pital le plus proche. Pour r\u00e9soudre le probl\u00e8me du transport ambulancier qui s\u2019inscrit dans la classe des probl\u00e8mes de programmation non lin\u00e9aire en nombres entiers, nous avons \u00e9labor\u00e9 un mod\u00e8le math\u00e9matique. Par la suite, nous avons utilis\u00e9 des m\u00e9taheuristiques robustes qui permettent de minimiser le temps total du parcours des ambulances et d\u2019assurer leur meilleure distribution au niveau des sites potentiels d\u2019attente.<br>Nous avons propos\u00e9 un algorithme g\u00e9n\u00e9tique (GA), initialis\u00e9 par une heuristique et hybrid\u00e9 par une recherche locale guid\u00e9e, que nous avons compar\u00e9 avec l\u2019algorithme des colonies de fourmis (ACO) selon un taux d\u2019am\u00e9lioration GA \/ ACO d\u00e9velopp\u00e9. Nous avons valid\u00e9 nos algorithmes sur des instances g\u00e9n\u00e9r\u00e9es al\u00e9atoirement. Nous avons appliqu\u00e9 l\u2019algorithme g\u00e9n\u00e9tique sur l\u2019instance r\u00e9elle d\u00e9finie par la r\u00e9gion de Rabat. Cette instance se compose du nombre d\u2019h\u00f4pitaux, des bases de la protection civile de la r\u00e9gion comme \u00e9tant des sites potentiels d\u2019attente des ambulances et du nombre des secteurs d\u2019intervention \u00e0 partir desquels les demandes urgentes parviennent. Durant notre exp\u00e9rimentation, l\u2019algorithme g\u00e9n\u00e9tique initialis\u00e9 par l\u2019heuristique et hybrid\u00e9 par la recherche locale guid\u00e9e a prouv\u00e9 son efficacit\u00e9, en termes de qualit\u00e9 des solutions apport\u00e9es ainsi qu\u2019au temps de calcul.<\/p>\n\n\n\n<p><br><strong>Mots cl\u00e9s : <\/strong><\/p>\n\n\n\n<p>Algorithme g\u00e9n\u00e9tique, algorithme des colonies de fourmis, logistique hospitali\u00e8re, probl\u00e8me du transport, ambulance, urgence.<\/p>\n","protected":false},"excerpt":{"rendered":"<p>Meryam BENABDOUALLAH TH\u00c8SE DE DOCTORAT MOD\u00c9LISATION ET R\u00c9SOLUTION DU PROBL\u00c8ME DU TRANSPORT AMBULANCIER: APPROCHE PAR LES METAHEURISTIQUES Pr\u00e9sent\u00e9e par Meryam<\/p>\n","protected":false},"author":1,"featured_media":0,"parent":0,"menu_order":0,"comment_status":"closed","ping_status":"closed","template":"","meta":{"colormag_page_container_layout":"default_layout","colormag_page_sidebar_layout":"default_layout","footnotes":""},"class_list":["post-35","page","type-page","status-publish","hentry"],"_links":{"self":[{"href":"https:\/\/mbenabdouallah.com\/index.php\/wp-json\/wp\/v2\/pages\/35","targetHints":{"allow":["GET"]}}],"collection":[{"href":"https:\/\/mbenabdouallah.com\/index.php\/wp-json\/wp\/v2\/pages"}],"about":[{"href":"https:\/\/mbenabdouallah.com\/index.php\/wp-json\/wp\/v2\/types\/page"}],"author":[{"embeddable":true,"href":"https:\/\/mbenabdouallah.com\/index.php\/wp-json\/wp\/v2\/users\/1"}],"replies":[{"embeddable":true,"href":"https:\/\/mbenabdouallah.com\/index.php\/wp-json\/wp\/v2\/comments?post=35"}],"version-history":[{"count":34,"href":"https:\/\/mbenabdouallah.com\/index.php\/wp-json\/wp\/v2\/pages\/35\/revisions"}],"predecessor-version":[{"id":504,"href":"https:\/\/mbenabdouallah.com\/index.php\/wp-json\/wp\/v2\/pages\/35\/revisions\/504"}],"wp:attachment":[{"href":"https:\/\/mbenabdouallah.com\/index.php\/wp-json\/wp\/v2\/media?parent=35"}],"curies":[{"name":"wp","href":"https:\/\/api.w.org\/{rel}","templated":true}]}}