{"id":385,"date":"2019-08-18T19:03:25","date_gmt":"2019-08-18T17:03:25","guid":{"rendered":"https:\/\/ramoths.org:907\/wordpress\/?page_id=385"},"modified":"2019-09-04T15:12:22","modified_gmt":"2019-09-04T14:12:22","slug":"rediger-votre-rapport","status":"publish","type":"page","link":"https:\/\/mbenabdouallah.com\/index.php\/rediger-votre-rapport\/","title":{"rendered":"R\u00e9diger votre rapport"},"content":{"rendered":"\n<h4 class=\"wp-block-heading\"> Style et taille de la police: <\/h4>\n\n\n\n<ul class=\"txt-justify wp-block-list\"><li>Opter pour le Times New Roman (le plus r\u00e9pandu, classique et professionnel) <\/li><li>La taille du texte: 12 <\/li><li>Les titres et sous titres peuvent aller jusqu\u2019\u00e0 16 selon le style choisi <\/li><li>La taille des l\u00e9gendes et notes de bas de page: 9 \u00e0 10<\/li><li>Texte justifi\u00e9, centrer les illustrations (figures et tableaux) <\/li><li>\u00c9viter les espaces libres: opter pour les insertions d\u2019une nouvelle page ou saut de page <\/li><\/ul>\n\n\n\n<h4 class=\"wp-block-heading\"> Page de garde: <\/h4>\n\n\n\n<ul class=\"txt-justify wp-block-list\"><li>L\u2019en-t\u00eate : logos de l\u2019universit\u00e9 et de l\u2019entreprise<\/li><li>Titre du rapport: pr\u00e9cis, concis et bien compr\u00e9hensible \u2794 r\u00e9sum\u00e9 de la probl\u00e9matique \/ votre sujet<\/li><li>Votre nom et pr\u00e9nom, celui de votre encadrant et celui de votre enseignant<\/li><li>L\u2019ann\u00e9e universitaire: faciliter l\u2019acc\u00e8s \u00e0 la biblioth\u00e8que: c\u2019est une r\u00e9f\u00e9rence<\/li><li>Pied de page: l\u2019ann\u00e9e universitaire et g\u00e9n\u00e9ralement ne doit pas contenir la num\u00e9rotation (c\u2019est une page de garde) <\/li><\/ul>\n\n\n\n<h4 class=\"wp-block-heading\"> D\u00e9dicaces:<\/h4>\n\n\n\n<ul class=\"txt-justify wp-block-list\"><li> Votre propre espace : prenez vos aises lors de la r\u00e9daction des d\u00e9dicaces, et surtout penser \u00e0 toute personne qui pourra lire votre rapport aujourd\u2019hui, demain et m\u00eame d\u2019ici 20 ans<\/li><li> Inclure les personnes qui vous sont tr\u00e8s ch\u00e8res, qui vous ont aid\u00e9 de pr\u00e8s ou de loin \u00e0 l\u2019\u00e9laboration de votre travail.<\/li><\/ul>\n\n\n\n<h4 class=\"wp-block-heading\"> Remerciements: <\/h4>\n\n\n\n<ul class=\"txt-justify wp-block-list\"><li>Remercier toute personne ayant contribu\u00e9 ou collabor\u00e9 \u00e0 votre travail, en leur propre nom <\/li><li>Int\u00e9grer des formules de remerciement et de gratitude <\/li><li>Garder cette partie l\u00e0 vers la fin de la r\u00e9daction du rapport <\/li><\/ul>\n\n\n\n<h4 class=\"wp-block-heading\"> R\u00e9sum\u00e9 \/ abstract :<\/h4>\n\n\n\n<ul class=\"txt-justify wp-block-list\"><li>Doit \u00eatre r\u00e9dig\u00e9 avec exactitude et pr\u00e9cision <\/li><li>Faites-le lire par une personne externe pour s\u2019assurer que c\u2019est compr\u00e9hensible <\/li><li>Int\u00e9grer la probl\u00e9matique, la m\u00e9thodologie et voire m\u00eame les r\u00e9sultats<\/li><li>Laisser le r\u00e9sum\u00e9 \u00e0 la fin de votre r\u00e9daction <\/li><li>Ins\u00e9rer tout \u00e0 la fin quelques mots cl\u00e9s qui se relient avec votre th\u00e9matique <\/li><li>Traduire le contenu en anglais pour votre abstract<\/li><li>\u00c9viter les traductions mots par mot! <\/li><\/ul>\n\n\n\n<h4 class=\"wp-block-heading\">Table des mati\u00e8res:<\/h4>\n\n\n\n<ul class=\"txt-justify wp-block-list\"><li>Ins\u00e9rer tous les titres et sous titres (et sous sous titres) d\u2019une mani\u00e8re sommaire et selon le niveau de pr\u00e9cision voulu <\/li><li>Affecter aux titres un style bien d\u00e9fini<\/li><li>Opter pour l\u2019insertion automatique : plus pratique lors de la mise \u00e0 jour du contenu <\/li><li>Sinon, tracer un tableau et une fois le contenu compl\u00e9t\u00e9, faire dispara\u00eetre les bordures : \u00e7a donnera l\u2019air d\u2019un vrai sommaire ! <\/li><\/ul>\n\n\n\n<h4 class=\"wp-block-heading\"> Liste des figures:<\/h4>\n\n\n\n<ul class=\"txt-justify wp-block-list\"><li> Ins\u00e9rer les figures avec leurs l\u00e9gendes automatiques<\/li><li> Ins\u00e9rer la table des figures automatique<\/li><li> Apr\u00e8s insertion ou suppression, mettre \u00e0 jour votre table \u00e0 l\u2019aide d\u2019un clic droit<\/li><li> G\u00e9n\u00e9ralement la l\u00e9gende des figures est en dessous de la figure<\/li><li> Pouvoir acc\u00e9der facilement \u00e0 l\u2019illustration par ctrl+clic <\/li><\/ul>\n\n\n\n<h4 class=\"wp-block-heading\"> Liste des tableaux: <\/h4>\n\n\n\n<ul class=\"txt-justify wp-block-list\"><li>Ins\u00e9rer les tableaux avec leurs l\u00e9gendes automatiques<\/li><li>Ins\u00e9rer la liste des tableaux automatique<\/li><li>Apr\u00e8s insertion ou suppression, mettre \u00e0 jour votre table \u00e0 l\u2019aide d\u2019un clic droit <\/li><li>G\u00e9n\u00e9ralement la l\u00e9gende des tableaux est en dessus du tableau <\/li><\/ul>\n\n\n\n<h4 class=\"wp-block-heading\"> Introduction:<\/h4>\n\n\n\n<ul class=\"txt-justify wp-block-list\"><li>La r\u00e9diger vers la phase finale de votre rapport : contradictoire !<\/li><li>Citer tous les points d\u00e9velopp\u00e9s dans le rapport <\/li><li>Bien d\u00e9finir le contexte de votre th\u00e9matique et son int\u00e9r\u00eat: valoriser votre travail <\/li><li>Citer bri\u00e8vement la probl\u00e9matique : un texte ou une question principale<\/li><li>Introduire les diff\u00e9rentes parties que va contenir votre rapport: chapitre 1, chapitre 2, &#8230;<\/li><\/ul>\n\n\n\n<h4 class=\"wp-block-heading\"> Etat des lieux:<\/h4>\n\n\n\n<ul class=\"txt-justify wp-block-list\"><li>Pr\u00e9senter les diff\u00e9rents services de l\u2019entreprise d\u2019accueil <\/li><li>Se focaliser sur le d\u00e9roulement des t\u00e2ches au sein du service auquel vous appartenez <\/li><li>D\u00e9crire le d\u00e9roulement de votre th\u00e9matique dans son \u00e9tat actuel (avant que vous proposer vos recommandations)<\/li><li>Chiffrer les gains pour le moment actuel <\/li><\/ul>\n\n\n\n<h4 class=\"wp-block-heading\"> M\u00e9thodologie de recherche:<\/h4>\n\n\n\n<ul class=\"txt-justify wp-block-list\"><li>Qualitative ou quantitative : pourquoi? <\/li><li>Pr\u00e9sentation des outils de recherche: d\u00e9finir les m\u00e9thodes que vous allez opter pour votre travail ainsi que leurs origines: questionnaires, fiches, formulaires, brainstorming, outils lean management\u2026 <\/li><li>Pr\u00e9senter votre partie th\u00e9orique et d\u00e9finitions <\/li><\/ul>\n\n\n\n<h4 class=\"wp-block-heading\"> Approche de r\u00e9solution ;<\/h4>\n\n\n\n<ul class=\"txt-justify wp-block-list\"><li>D\u00e9montrer l\u2019originalit\u00e9 de votre travail par la qualit\u00e9 et le plus apport\u00e9s<\/li><li>Montrer tous les tableaux, fichiers Excel, MS Project et toute autre \u00e9tude faite (en back office) donnant ainsi lieu \u00e0 vos r\u00e9sultats <\/li><li>Expliciter les conditions dans lesquelles a \u00e9t\u00e9 pass\u00e9 votre stage <\/li><\/ul>\n\n\n\n<h4 class=\"wp-block-heading\"> R\u00e9sultats:<\/h4>\n\n\n\n<ul class=\"txt-justify wp-block-list\"><li>Valoriser vos r\u00e9sultats <\/li><li>Quantifier et chiffrer les gains: pourcentage, co\u00fbt, qualit\u00e9\u2026 <\/li><li>Pr\u00e9senter vos r\u00e9sultats avec toute ampleur: n\u2019essayer surtout pas d\u2019\u00eatre bref \u00e0 cette \u00e9tape ! <\/li><\/ul>\n\n\n\n<h4 class=\"wp-block-heading\">Conclusion:<\/h4>\n\n\n\n<ul class=\"txt-justify wp-block-list\"><li>Faire un bilan technique et scientifique du traitement du probl\u00e8me<\/li><li>Proposer des perspectives de recherche: aspects de la question trait\u00e9e qui m\u00e9ritent d\u2019\u00eatre approfondis <\/li><\/ul>\n\n\n\n<h4 class=\"wp-block-heading\"> Bibliographie \/ webographie:<\/h4>\n\n\n\n<ul class=\"txt-justify wp-block-list\"><li>Citer tout passage qui ne vous appartient pas avec toute honn\u00eatet\u00e9<\/li><li>Faire appel \u00e0 la r\u00e9f\u00e9rence dans votre bibliographie (dans l\u2019ordre d\u2019apparition, ordre alphab\u00e9tique\u2026) <\/li><li>Inclure les sites web avec la date de consultation <\/li><li>\u00c9viter les r\u00e9f\u00e9rences du type: Wikip\u00e9dia, google,\u2026 <\/li><\/ul>\n\n\n\n<h4 class=\"wp-block-heading\"> Annexes:<\/h4>\n\n\n\n<ul class=\"txt-justify wp-block-list\"><li>Num\u00e9roter vos annexes <\/li><li>Les int\u00e9grer au niveau de votre table de mati\u00e8re<\/li><li>Ins\u00e9rer les titres des annexes<\/li><li>Une annexe par page <\/li><\/ul>\n\n\n\n<h4 class=\"wp-block-heading\">Dernier conseil: impression<\/h4>\n\n\n\n<ul class=\"txt-justify wp-block-list\"><li>Imprimer votre rapport juste en RECTO<\/li><li>S\u2019assurer pour la premi\u00e8re copie que le texte est comme convenu <\/li><li>S\u2019assurer de la non coupure des mots ou des figures et tableaux <\/li><\/ul>\n","protected":false},"excerpt":{"rendered":"<p>Style et taille de la police: Opter pour le Times New Roman (le plus r\u00e9pandu, classique et professionnel) La taille<\/p>\n","protected":false},"author":1,"featured_media":0,"parent":0,"menu_order":0,"comment_status":"closed","ping_status":"closed","template":"","meta":{"colormag_page_container_layout":"default_layout","colormag_page_sidebar_layout":"default_layout","footnotes":""},"class_list":["post-385","page","type-page","status-publish","hentry"],"_links":{"self":[{"href":"https:\/\/mbenabdouallah.com\/index.php\/wp-json\/wp\/v2\/pages\/385","targetHints":{"allow":["GET"]}}],"collection":[{"href":"https:\/\/mbenabdouallah.com\/index.php\/wp-json\/wp\/v2\/pages"}],"about":[{"href":"https:\/\/mbenabdouallah.com\/index.php\/wp-json\/wp\/v2\/types\/page"}],"author":[{"embeddable":true,"href":"https:\/\/mbenabdouallah.com\/index.php\/wp-json\/wp\/v2\/users\/1"}],"replies":[{"embeddable":true,"href":"https:\/\/mbenabdouallah.com\/index.php\/wp-json\/wp\/v2\/comments?post=385"}],"version-history":[{"count":24,"href":"https:\/\/mbenabdouallah.com\/index.php\/wp-json\/wp\/v2\/pages\/385\/revisions"}],"predecessor-version":[{"id":555,"href":"https:\/\/mbenabdouallah.com\/index.php\/wp-json\/wp\/v2\/pages\/385\/revisions\/555"}],"wp:attachment":[{"href":"https:\/\/mbenabdouallah.com\/index.php\/wp-json\/wp\/v2\/media?parent=385"}],"curies":[{"name":"wp","href":"https:\/\/api.w.org\/{rel}","templated":true}]}}