{"id":567,"date":"2021-09-13T13:39:49","date_gmt":"2021-09-13T12:39:49","guid":{"rendered":"https:\/\/mbenabdouallah.com\/?page_id=567"},"modified":"2021-09-13T14:21:43","modified_gmt":"2021-09-13T13:21:43","slug":"567-2","status":"publish","type":"page","link":"https:\/\/mbenabdouallah.com\/","title":{"rendered":"Appel \u00e0 com: CIP&rsquo;22"},"content":{"rendered":"\n<figure class=\"wp-block-image\"><img loading=\"lazy\" decoding=\"async\" width=\"724\" height=\"1024\" src=\"https:\/\/mbenabdouallah.com\/wp-content\/uploads\/2021\/09\/Affiche-Colloque-01-724x1024.png\" alt=\"\" class=\"wp-image-591\" srcset=\"https:\/\/mbenabdouallah.com\/wp-content\/uploads\/2021\/09\/Affiche-Colloque-01-724x1024.png 724w, https:\/\/mbenabdouallah.com\/wp-content\/uploads\/2021\/09\/Affiche-Colloque-01-212x300.png 212w, https:\/\/mbenabdouallah.com\/wp-content\/uploads\/2021\/09\/Affiche-Colloque-01-768x1086.png 768w\" sizes=\"auto, (max-width: 724px) 100vw, 724px\" \/><\/figure>\n\n\n\n<div class=\"wp-block-file\"><a href=\"https:\/\/mbenabdouallah.com\/wp-content\/uploads\/2021\/09\/Argumentaire.pdf\">Argumentaire<\/a><a href=\"https:\/\/mbenabdouallah.com\/wp-content\/uploads\/2021\/09\/Argumentaire.pdf\" class=\"wp-block-file__button\" download>T\u00e9l\u00e9charger<\/a><\/div>\n\n\n\n<p><strong>Le colloque international sur \u00ab Le pilotage de la performance \u00e0 l\u2019\u00e8re du post-COVID \u00bb, organis\u00e9 par l&rsquo;universit\u00e9 Internationale d\u2019Agadir, Maroc les 22-23-24 F\u00e9vrier 2022.  <\/strong><br><\/p>\n","protected":false},"excerpt":{"rendered":"<p>L\u2019Equipe de Recherche en Performance des Organisations organise un colloque international CIP\u201922 \u00e0 Agadir, du 22 au 24<br \/>\nf\u00e9vrier 2022, autour de la probl\u00e9matique suivante : \u00ab La performance \u00e0 l\u2019\u00e8re du Post-COVID \u00bb. L\u2019\u00e9v\u00e9nement compte r\u00e9unir<br \/>\ndes participants nationaux et internationaux, d\u00e9cideurs politiques, chercheurs universitaires, responsables d\u2019ONG,<br \/>\nprofessionnels, op\u00e9rateurs et acteurs socio\u00e9conomiques.<\/p>\n","protected":false},"author":1,"featured_media":0,"parent":0,"menu_order":0,"comment_status":"closed","ping_status":"closed","template":"","meta":{"colormag_page_container_layout":"default_layout","colormag_page_sidebar_layout":"default_layout","footnotes":""},"class_list":["post-567","page","type-page","status-publish","hentry"],"_links":{"self":[{"href":"https:\/\/mbenabdouallah.com\/index.php\/wp-json\/wp\/v2\/pages\/567","targetHints":{"allow":["GET"]}}],"collection":[{"href":"https:\/\/mbenabdouallah.com\/index.php\/wp-json\/wp\/v2\/pages"}],"about":[{"href":"https:\/\/mbenabdouallah.com\/index.php\/wp-json\/wp\/v2\/types\/page"}],"author":[{"embeddable":true,"href":"https:\/\/mbenabdouallah.com\/index.php\/wp-json\/wp\/v2\/users\/1"}],"replies":[{"embeddable":true,"href":"https:\/\/mbenabdouallah.com\/index.php\/wp-json\/wp\/v2\/comments?post=567"}],"version-history":[{"count":8,"href":"https:\/\/mbenabdouallah.com\/index.php\/wp-json\/wp\/v2\/pages\/567\/revisions"}],"predecessor-version":[{"id":593,"href":"https:\/\/mbenabdouallah.com\/index.php\/wp-json\/wp\/v2\/pages\/567\/revisions\/593"}],"wp:attachment":[{"href":"https:\/\/mbenabdouallah.com\/index.php\/wp-json\/wp\/v2\/media?parent=567"}],"curies":[{"name":"wp","href":"https:\/\/api.w.org\/{rel}","templated":true}]}}